{"id":3746,"date":"2024-05-15T14:24:18","date_gmt":"2024-05-15T14:24:18","guid":{"rendered":"https:\/\/sgh-service.com\/?page_id=3746"},"modified":"2024-07-03T07:52:39","modified_gmt":"2024-07-03T07:52:39","slug":"partner","status":"publish","type":"page","link":"https:\/\/sgh-service.com\/en\/partner\/","title":{"rendered":"Partner"},"content":{"rendered":"<p>[vc_row full_width=&#8221;stretch_row&#8221; bg_type=&#8221;bg_color&#8221; bg_color_value=&#8221;#3b3678&#8243; css=&#8221;.vc_custom_1716463051879{background-color: #3b3678 !important;}&#8221;][vc_column][apress_heading sub_title=&#8221;Erfahren Sie mehr \u00fcber die Zusammenarbeit mit unseren Partnern&#8221; content_alignment=&#8221;left&#8221; delimiter_line_height=&#8221;2&#8243; delimiter_line_width=&#8221;30&#8243; delimiter_margin=&#8221;margin-top:10|margin-bottom:15&#8243; style=&#8221;heading_style13&#8243; title_font_options=&#8221;tag:h2&#8243; subtitle_font_options=&#8221;tag:div|font_size:20|color:%23ffffff|line_height:30|letter_spacing:2|font_style_bold:1&#8243; delimiter_line_color=&#8221;#2cbe9a&#8221;][\/apress_heading][apress_heading sub_title=&#8221;&#8221; style=&#8221;heading_style12&#8243; title_font_options=&#8221;tag:h2&#8243; subtitle_font_options=&#8221;tag:div&#8221;]<\/p>\n<h1><strong><span class=\"white-text\">Unsere<\/span> <span class=\"green-text\">Partner<\/span><\/strong><\/h1>\n<p>[\/apress_heading][\/vc_column][\/vc_row][vc_row][vc_column width=&#8221;1\/4&#8243;][apress_imagebox imagebox_bg_color=&#8221;&#8221; imagebox_bor_color=&#8221;#2cbe9a&#8221; imagebox_image=&#8221;3845&#8243; imagebox_title=&#8221;&#8221; imagebox_title_color=&#8221;&#8221; imagebox_description_color=&#8221;&#8221; imagebox_align=&#8221;left&#8221; imagebox_button_text=&#8221;Weiterlesen&#8221; imagebox_buttonfontcolor=&#8221;#2cbe9a&#8221; imagebox_buttonbackgroundcolor=&#8221;#3b3678&#8243; imagebox_buttonbordercolor=&#8221;#ffffff&#8221; imagebox_buttonbordercolorhover=&#8221;#2cbe9a&#8221; imagebox_style=&#8221;style2&#8243; imagebox_link=&#8221;url:https%3A%2F%2Fsgh-service.com%2Fzt_portfolio%2Fservicon-service-consult%2F|target:_blank&#8221;]<strong>ServiCon Service &amp; Consult eG<\/strong> ist eine Dienstleistungsgenossenschaft f\u00fcr den kooperierenden Mittelstand, die ihren Mitgliedern den Zugang zu Sonderkonditionen erm\u00f6glicht.[\/apress_imagebox][\/vc_column][vc_column width=&#8221;1\/4&#8243;][apress_imagebox imagebox_bg_color=&#8221;&#8221; imagebox_bor_color=&#8221;#2cbe9a&#8221; imagebox_image=&#8221;3841&#8243; imagebox_title=&#8221;&#8221; imagebox_title_color=&#8221;&#8221; imagebox_description_color=&#8221;&#8221; imagebox_align=&#8221;left&#8221; imagebox_button_text=&#8221;Weiterlesen&#8221; imagebox_buttonfontcolor=&#8221;#2cbe9a&#8221; imagebox_buttonbackgroundcolor=&#8221;#3b3678&#8243; imagebox_buttonbordercolor=&#8221;#ffffff&#8221; imagebox_buttonbordercolorhover=&#8221;#2cbe9a&#8221; imagebox_style=&#8221;style2&#8243; imagebox_link=&#8221;url:https%3A%2F%2Fsgh-service.com%2F%3Fpost_type%3Dzt_portfolio%26p%3D3861%26preview%3Dtrue|target:_blank&#8221;]<strong>Traffiqx<\/strong> ist ein einzigartiges Business-Netzwerk, das den sicheren Austausch von Transaktionsdokumenten in jedem Format und \u00fcber jeden Kanal erm\u00f6glicht.[\/apress_imagebox][\/vc_column][vc_column width=&#8221;1\/4&#8243;][apress_imagebox imagebox_bg_color=&#8221;&#8221; imagebox_bor_color=&#8221;#2cbe9a&#8221; imagebox_image=&#8221;3843&#8243; imagebox_title=&#8221;&#8221; imagebox_title_color=&#8221;&#8221; imagebox_description_color=&#8221;&#8221; imagebox_align=&#8221;left&#8221; imagebox_button_text=&#8221;Weiterlesen&#8221; imagebox_buttonfontcolor=&#8221;#2cbe9a&#8221; imagebox_buttonbackgroundcolor=&#8221;#3b3678&#8243; imagebox_buttonbordercolor=&#8221;#ffffff&#8221; imagebox_buttonbordercolorhover=&#8221;#2cbe9a&#8221; imagebox_style=&#8221;style2&#8243; imagebox_link=&#8221;url:https%3A%2F%2Fsgh-service.com%2F%3Fpost_type%3Dzt_portfolio%26p%3D4348%26preview%3Dtrue|target:_blank&#8221;]Der <strong>Verband elektronische Rechnung (VeR)<\/strong> b\u00fcndelt die Kompetenz von Providern und Beratungsunternehmen, f\u00fcr einen standardisierten elektronischen Rechnungsaustausch.[\/apress_imagebox][\/vc_column][vc_column width=&#8221;1\/4&#8243;][apress_imagebox imagebox_bg_color=&#8221;&#8221; imagebox_bor_color=&#8221;#2cbe9a&#8221; imagebox_image=&#8221;3847&#8243; imagebox_title=&#8221;&#8221; imagebox_title_color=&#8221;#ffffff&#8221; imagebox_description_color=&#8221;&#8221; imagebox_align=&#8221;left&#8221; imagebox_button_text=&#8221;Weiterlesen&#8221; imagebox_buttonfontcolor=&#8221;#2cbe9a&#8221; imagebox_buttonbackgroundcolor=&#8221;#3b3678&#8243; imagebox_buttonbordercolor=&#8221;#ffffff&#8221; imagebox_buttonbordercolorhover=&#8221;#2cbe9a&#8221; imagebox_style=&#8221;style2&#8243; imagebox_link=&#8221;url:https%3A%2F%2Fsgh-service.com%2Fzt_portfolio%2Fgs1-pine-portal%2F|target:_blank&#8221;]Das <strong>GS1 PINE Portal<\/strong> verbindet L\u00f6sungsanbieter, Handel und Industrieunternehmen und bietet eine Plattform auf der Informationen \u00fcber Produkte und L\u00f6sungen bereitstehen.[\/apress_imagebox][\/vc_column][\/vc_row]<\/p>\n","protected":false},"excerpt":{"rendered":"<p>[vc_row full_width=&#8221;stretch_row&#8221; bg_type=&#8221;bg_color&#8221; bg_color_value=&#8221;#3b3678&#8243; css=&#8221;.vc_custom_1716463051879{background-color: #3b3678 !important;}&#8221;][vc_column][apress_heading sub_title=&#8221;Erfahren Sie mehr \u00fcber die Zusammenarbeit mit unseren Partnern&#8221; content_alignment=&#8221;left&#8221; delimiter_line_height=&#8221;2&#8243; delimiter_line_width=&#8221;30&#8243; delimiter_margin=&#8221;margin-top:10|margin-bottom:15&#8243; style=&#8221;heading_style13&#8243; title_font_options=&#8221;tag:h2&#8243; subtitle_font_options=&#8221;tag:div|font_size:20|color:%23ffffff|line_height:30|letter_spacing:2|font_style_bold:1&#8243; delimiter_line_color=&#8221;#2cbe9a&#8221;][\/apress_heading][apress_heading sub_title=&#8221;&#8221; style=&#8221;heading_style12&#8243; title_font_options=&#8221;tag:h2&#8243; subtitle_font_options=&#8221;tag:div&#8221;] Unsere Partner [\/apress_heading][\/vc_column][\/vc_row][vc_row][vc_column width=&#8221;1\/4&#8243;][apress_imagebox imagebox_bg_color=&#8221;&#8221; imagebox_bor_color=&#8221;#2cbe9a&#8221; imagebox_image=&#8221;3845&#8243; imagebox_title=&#8221;&#8221; imagebox_title_color=&#8221;&#8221; imagebox_description_color=&#8221;&#8221; imagebox_align=&#8221;left&#8221; imagebox_button_text=&#8221;Weiterlesen&#8221;<span class=\"read_more_area\"><a class=\"read-more\" href=\"https:\/\/sgh-service.com\/en\/partner\/\"> Continue Reading <\/a><\/span><\/p>\n","protected":false},"author":13,"featured_media":0,"parent":0,"menu_order":0,"comment_status":"closed","ping_status":"closed","template":"","meta":{"inline_featured_image":false,"footnotes":""},"class_list":["post-3746","page","type-page","status-publish","hentry"],"yoast_head":"<!-- This site is optimized with the Yoast SEO plugin v27.4 - https:\/\/yoast.com\/product\/yoast-seo-wordpress\/ -->\n<title>Partner - SGH Service<\/title>\n<meta name=\"description\" content=\"SGH Finance ist ein FinTech Provider der hochmoderne und flexible Multi-Channel-Plattformen f\u00fcr Working Capital und Zentralregulierung betreibt.\" \/>\n<meta name=\"robots\" content=\"index, follow, max-snippet:-1, max-image-preview:large, max-video-preview:-1\" \/>\n<link rel=\"canonical\" href=\"https:\/\/sgh-service.com\/en\/partner\/\" \/>\n<meta property=\"og:locale\" content=\"en_US\" \/>\n<meta property=\"og:type\" content=\"article\" \/>\n<meta property=\"og:title\" content=\"Partner - SGH Service\" \/>\n<meta property=\"og:description\" content=\"SGH Finance ist ein FinTech Provider der hochmoderne und flexible Multi-Channel-Plattformen f\u00fcr Working Capital und Zentralregulierung betreibt.\" \/>\n<meta property=\"og:url\" content=\"https:\/\/sgh-service.com\/en\/partner\/\" \/>\n<meta property=\"og:site_name\" content=\"SGH Service\" \/>\n<meta property=\"article:modified_time\" content=\"2024-07-03T07:52:39+00:00\" \/>\n<meta name=\"twitter:card\" content=\"summary_large_image\" \/>\n<meta name=\"twitter:label1\" content=\"Est. reading time\" \/>\n\t<meta name=\"twitter:data1\" content=\"2 minutes\" \/>\n<script type=\"application\/ld+json\" class=\"yoast-schema-graph\">{\"@context\":\"https:\\\/\\\/schema.org\",\"@graph\":[{\"@type\":\"WebPage\",\"@id\":\"https:\\\/\\\/sgh-service.com\\\/en\\\/partner\\\/\",\"url\":\"https:\\\/\\\/sgh-service.com\\\/en\\\/partner\\\/\",\"name\":\"Partner - SGH Service\",\"isPartOf\":{\"@id\":\"https:\\\/\\\/sgh-service.com\\\/en\\\/#website\"},\"datePublished\":\"2024-05-15T14:24:18+00:00\",\"dateModified\":\"2024-07-03T07:52:39+00:00\",\"description\":\"SGH Finance ist ein FinTech Provider der hochmoderne und flexible Multi-Channel-Plattformen f\u00fcr Working Capital und Zentralregulierung betreibt.\",\"breadcrumb\":{\"@id\":\"https:\\\/\\\/sgh-service.com\\\/en\\\/partner\\\/#breadcrumb\"},\"inLanguage\":\"en-US\",\"potentialAction\":[{\"@type\":\"ReadAction\",\"target\":[\"https:\\\/\\\/sgh-service.com\\\/en\\\/partner\\\/\"]}]},{\"@type\":\"BreadcrumbList\",\"@id\":\"https:\\\/\\\/sgh-service.com\\\/en\\\/partner\\\/#breadcrumb\",\"itemListElement\":[{\"@type\":\"ListItem\",\"position\":1,\"name\":\"Home\",\"item\":\"https:\\\/\\\/sgh-service.com\\\/en\\\/home\\\/\"},{\"@type\":\"ListItem\",\"position\":2,\"name\":\"Partner\"}]},{\"@type\":\"WebSite\",\"@id\":\"https:\\\/\\\/sgh-service.com\\\/en\\\/#website\",\"url\":\"https:\\\/\\\/sgh-service.com\\\/en\\\/\",\"name\":\"SGH Service\",\"description\":\"Financial Supply Chain L\u00f6sungen und Zentralregulierung\",\"potentialAction\":[{\"@type\":\"SearchAction\",\"target\":{\"@type\":\"EntryPoint\",\"urlTemplate\":\"https:\\\/\\\/sgh-service.com\\\/en\\\/?s={search_term_string}\"},\"query-input\":{\"@type\":\"PropertyValueSpecification\",\"valueRequired\":true,\"valueName\":\"search_term_string\"}}],\"inLanguage\":\"en-US\"}]}<\/script>\n<!-- \/ Yoast SEO plugin. -->","yoast_head_json":{"title":"Partner - SGH Service","description":"SGH Finance ist ein FinTech Provider der hochmoderne und flexible Multi-Channel-Plattformen f\u00fcr Working Capital und Zentralregulierung betreibt.","robots":{"index":"index","follow":"follow","max-snippet":"max-snippet:-1","max-image-preview":"max-image-preview:large","max-video-preview":"max-video-preview:-1"},"canonical":"https:\/\/sgh-service.com\/en\/partner\/","og_locale":"en_US","og_type":"article","og_title":"Partner - SGH Service","og_description":"SGH Finance ist ein FinTech Provider der hochmoderne und flexible Multi-Channel-Plattformen f\u00fcr Working Capital und Zentralregulierung betreibt.","og_url":"https:\/\/sgh-service.com\/en\/partner\/","og_site_name":"SGH Service","article_modified_time":"2024-07-03T07:52:39+00:00","twitter_card":"summary_large_image","twitter_misc":{"Est. reading time":"2 minutes"},"schema":{"@context":"https:\/\/schema.org","@graph":[{"@type":"WebPage","@id":"https:\/\/sgh-service.com\/en\/partner\/","url":"https:\/\/sgh-service.com\/en\/partner\/","name":"Partner - SGH Service","isPartOf":{"@id":"https:\/\/sgh-service.com\/en\/#website"},"datePublished":"2024-05-15T14:24:18+00:00","dateModified":"2024-07-03T07:52:39+00:00","description":"SGH Finance ist ein FinTech Provider der hochmoderne und flexible Multi-Channel-Plattformen f\u00fcr Working Capital und Zentralregulierung betreibt.","breadcrumb":{"@id":"https:\/\/sgh-service.com\/en\/partner\/#breadcrumb"},"inLanguage":"en-US","potentialAction":[{"@type":"ReadAction","target":["https:\/\/sgh-service.com\/en\/partner\/"]}]},{"@type":"BreadcrumbList","@id":"https:\/\/sgh-service.com\/en\/partner\/#breadcrumb","itemListElement":[{"@type":"ListItem","position":1,"name":"Home","item":"https:\/\/sgh-service.com\/en\/home\/"},{"@type":"ListItem","position":2,"name":"Partner"}]},{"@type":"WebSite","@id":"https:\/\/sgh-service.com\/en\/#website","url":"https:\/\/sgh-service.com\/en\/","name":"SGH Service","description":"Financial Supply Chain L\u00f6sungen und Zentralregulierung","potentialAction":[{"@type":"SearchAction","target":{"@type":"EntryPoint","urlTemplate":"https:\/\/sgh-service.com\/en\/?s={search_term_string}"},"query-input":{"@type":"PropertyValueSpecification","valueRequired":true,"valueName":"search_term_string"}}],"inLanguage":"en-US"}]}},"_links":{"self":[{"href":"https:\/\/sgh-service.com\/en\/wp-json\/wp\/v2\/pages\/3746","targetHints":{"allow":["GET"]}}],"collection":[{"href":"https:\/\/sgh-service.com\/en\/wp-json\/wp\/v2\/pages"}],"about":[{"href":"https:\/\/sgh-service.com\/en\/wp-json\/wp\/v2\/types\/page"}],"author":[{"embeddable":true,"href":"https:\/\/sgh-service.com\/en\/wp-json\/wp\/v2\/users\/13"}],"replies":[{"embeddable":true,"href":"https:\/\/sgh-service.com\/en\/wp-json\/wp\/v2\/comments?post=3746"}],"version-history":[{"count":0,"href":"https:\/\/sgh-service.com\/en\/wp-json\/wp\/v2\/pages\/3746\/revisions"}],"wp:attachment":[{"href":"https:\/\/sgh-service.com\/en\/wp-json\/wp\/v2\/media?parent=3746"}],"curies":[{"name":"wp","href":"https:\/\/api.w.org\/{rel}","templated":true}]}}