{"id":4421,"date":"2024-08-05T08:09:34","date_gmt":"2024-08-05T08:09:34","guid":{"rendered":"https:\/\/sgh-service.com\/?page_id=4421"},"modified":"2024-08-14T10:25:25","modified_gmt":"2024-08-14T10:25:25","slug":"zr-zentralregulierung","status":"publish","type":"page","link":"https:\/\/sgh-service.com\/en\/zr-zentralregulierung\/","title":{"rendered":"Zentralregulierung"},"content":{"rendered":"<p>[vc_row gap=&#8221;35&#8243; equal_height=&#8221;yes&#8221; content_placement=&#8221;middle&#8221; css=&#8221;.vc_custom_1617792814226{padding-top: 30px !important;padding-bottom: 50px !important;}&#8221; el_id=&#8221;Delkredere-Uebernahme&#8221;][vc_column width=&#8221;1\/3&#8243; el_class=&#8221;Custom-sidebar&#8221;][apress_expanding_image image=&#8221;878&#8243; img_size=&#8221;full&#8221; max_width=&#8221;100%&#8221; animation_type=&#8221;clipping&#8221; clipping_animation_type=&#8221;clipping_right_to_left&#8221; clipping_color=&#8221;#2cbe9a&#8221; data_delay=&#8221;500&#8243;][\/vc_column][vc_column width=&#8221;2\/3&#8243; el_class=&#8221;Custom_sidebar&#8221;][apress_heading sub_title=&#8221;Zentralregulierung: Delkredere \u00dcbernahme &amp; Zahlungsverkehr&#8221; delimiter_line_height=&#8221;2&#8243; delimiter_line_width=&#8221;30&#8243; color_scheme=&#8221;color_scheme1&#8243; style=&#8221;heading_style14&#8243; title_font_options=&#8221;tag:h2|font_size:36|line_height:50|letter_spacing:1&#8243; subtitle_font_options=&#8221;tag:div|font_size:20|color:%232cbe9a|line_height:30|letter_spacing:2|font_style_bold:1&#8243; delimiter_line_color=&#8221;#2cbe9a&#8221; heading_margin=&#8221;margin-top:10|margin-bottom:20&#8243; title_responsive=&#8221;font_size_mobile:32|line_height_mobile:45|letter_spacing_mobile:1&#8243;]<span class=\"sgh-heading-3 font-bold\">Mit \u00fcber 30 Jahren Erfahrung sichern wir Verbundgruppen den wichtigen unternehmerischen Freiraum<\/span>[\/apress_heading][vc_column_text]Mit unserer effizienten und partnerschaftlichen \u00dcbernahme des Forderungsmanagements samt Ausfallrisiko schaffen wir ein strategisches Finanzinstrument, wodurch unsere Kunden Markt- und Wirtschaftsstrukturen so aktiv begegnen und sich besser auf ihr Kerngesch\u00e4ft konzentrieren k\u00f6nnen. Full-Service der Zentralregulierung ist dabei selbstverst\u00e4ndlich: Die Kooperation mit spezialisierten Delkredere-Partnern rundet das Angebot ab.[\/vc_column_text][apress_button button_text=&#8221;Hier entlang zur Zentralregulierung der Zukunft&#8221; color_scheme=&#8221;primary_color_scheme&#8221; button_shape=&#8221;square&#8221; button_link=&#8221;url:https%3A%2F%2Fsgh-finance.com%2Fzentralregulierung-der-zukunft|title:Mehr%20zu%20Zentralregulierung%20der%20Zukunft|target:%20_blank|&#8221;][\/vc_column][\/vc_row][vc_row full_width=&#8221;stretch_row&#8221; css=&#8221;.vc_custom_1585821615207{padding-top: 80px !important;padding-bottom: 80px !important;}&#8221;][vc_column width=&#8221;1\/6&#8243;][\/vc_column][vc_column width=&#8221;2\/3&#8243;][apress_heading sub_title=&#8221;Interessiert?&#8221; delimiter_line_height=&#8221;2&#8243; delimiter_line_width=&#8221;30&#8243; color_scheme=&#8221;color_scheme1&#8243; style=&#8221;heading_style13&#8243; title_font_options=&#8221;tag:p|font_size:36|line_height:50|letter_spacing:1&#8243; subtitle_font_options=&#8221;tag:div|font_size:20|color:%232cbe9a|line_height:30|letter_spacing:2|font_style_bold:1&#8243; delimiter_line_color=&#8221;#2cbe9a&#8221; heading_margin=&#8221;margin-top:10|margin-bottom:20&#8243; title_responsive=&#8221;font_size_mobile:32|line_height_mobile:45|letter_spacing_mobile:1&#8243;]<strong>Kontaktieren Sie uns und erhalten Sie weitere Informationen!<\/strong>[\/apress_heading][apress_button button_text=&#8221;Mail senden&#8221; color_scheme=&#8221;primary_color_scheme&#8221; button_size=&#8221;medium&#8221; button_alignment=&#8221;center&#8221; icon_family=&#8221;fontawesome&#8221; icon_fontawesome=&#8221;fas fa-angle-right&#8221; button_shape=&#8221;style7&#8243; button_link=&#8221;url:mailto%3Asales%40sgh-net.de&#8221;][\/vc_column][vc_column width=&#8221;1\/6&#8243;][\/vc_column][\/vc_row][vc_row full_width=&#8221;stretch_row&#8221; add_extended=&#8221;&#8221; css=&#8221;.vc_custom_1617790466111{padding-top: 80px !important;padding-bottom: 30px !important;background-color: #f7f7f7 !important;}&#8221; el_id=&#8221;Belegmanagement&#8221;][vc_column][apress_heading sub_title=&#8221;Technische Abwicklung&#8221; content_alignment=&#8221;left&#8221; delimiter_line_height=&#8221;2&#8243; delimiter_line_width=&#8221;30&#8243; delimiter_margin=&#8221;margin-top:10|margin-bottom:15&#8243; color_scheme=&#8221;design_your_own&#8221; main_heading_color=&#8221;#ffffff&#8221; title_google_fonts=&#8221;yes&#8221; style=&#8221;heading_style13&#8243; delimiter_line_color=&#8221;#2cbe9a&#8221; title_font_options=&#8221;tag:h2|font_size:36|line_height:46|letter_spacing:2&#8243; subtitle_font_options=&#8221;tag:h2|font_size:20|color:%232cbe9a|line_height:30|letter_spacing:2|font_style_bold:1&#8243; heading_margin=&#8221;margin-top:20|margin-bottom:30&#8243; title_custom_fonts=&#8221;font_family:Open%20Sans%3A300%2C300italic%2Cregular%2Citalic%2C600%2C600italic%2C700%2C700italic%2C800%2C800italic|font_style:300%20light%20regular%3A300%3Anormal&#8221;][\/apress_heading]<div class=\"apress-spacer spacer-69e8eeca34da9\" data-id=\"69e8eeca34da9\" data-height=\"20\" data-height-mobile=\"20\" data-height-tab=\"20\" data-height-tab-portrait=\"\" data-height-mobile-landscape=\"\" style=\"clear:both;display:block;\"><\/div>[vc_column_text]<\/p>\n<h5><strong><span class=\"green-text\">Belegmanagement<\/span><\/strong><\/h5>\n<p>Sie w\u00fcnschen sich mehr Freiraum? Mit modernen Technologien befreien wir Sie von Papierbelegen und f\u00fchren den elektronischen Rechnungsaustausch samt Signatur in der Zentralregulierung ein. Ohne Eingriffe in die IT-Infrastruktur empfangen Ihre Anschlussh\u00e4user elektronische Rechnungen (e-invoices) von den Vertragslieferanten.<\/p>\n<p>Bieten Sie Ihren Mitgliedern SGH-Leistungen mit Mehrwert auf h\u00f6chstem Niveau, da Sie sich so als moderne Verbundgruppe positionieren, die \u00fcber verl\u00e4ssliche und leistungsstarke Technologiepartner verf\u00fcgt.[\/vc_column_text]<div class=\"apress-spacer spacer-69e8eeca34de8\" data-id=\"69e8eeca34de8\" data-height=\"50\" data-height-mobile=\"50\" data-height-tab=\"50\" data-height-tab-portrait=\"\" data-height-mobile-landscape=\"\" style=\"clear:both;display:block;\"><\/div>[\/vc_column][\/vc_row][vc_row gap=&#8221;35&#8243; equal_height=&#8221;yes&#8221; content_placement=&#8221;middle&#8221; css=&#8221;.vc_custom_1553410087914{padding-top: 30px !important;padding-bottom: 50px !important;}&#8221;][vc_column width=&#8221;1\/3&#8243; el_class=&#8221;Custom-sidebar&#8221;][apress_expanding_image image=&#8221;1769&#8243; img_size=&#8221;full&#8221; max_width=&#8221;100%&#8221; animation_type=&#8221;clipping&#8221; clipping_animation_type=&#8221;clipping_right_to_left&#8221; clipping_color=&#8221;#2cbe9a&#8221; data_delay=&#8221;500&#8243;][\/vc_column][vc_column width=&#8221;2\/3&#8243; el_class=&#8221;Custom_sidebar&#8221;][apress_heading sub_title=&#8221;Belegmanagement&#8221; delimiter_line_height=&#8221;2&#8243; delimiter_line_width=&#8221;30&#8243; color_scheme=&#8221;color_scheme1&#8243; style=&#8221;heading_style14&#8243; title_font_options=&#8221;tag:h2|font_size:36|line_height:50|letter_spacing:1&#8243; subtitle_font_options=&#8221;tag:div|font_size:20|color:%232cbe9a|line_height:30|letter_spacing:2|font_style_bold:1&#8243; delimiter_line_color=&#8221;#2cbe9a&#8221; heading_margin=&#8221;margin-top:10|margin-bottom:20&#8243; title_responsive=&#8221;font_size_mobile:32|line_height_mobile:45|letter_spacing_mobile:1&#8243;]<strong>Vorteile<\/strong>[\/apress_heading][vc_column_text]<\/p>\n<ul>\n<li>Automatisierte Erfassung der papierbasierten Lieferantenrechnungen<\/li>\n<li>Empfang und Verarbeitung elektronischer Lieferantenrechnungen<\/li>\n<li>Einfache Lieferantenanbindung<\/li>\n<li>Archivierung aller Lieferantenrechnungen mit Online-Zugriff<\/li>\n<li>Steuerkonforme Verarbeitung elektronischer Belege<\/li>\n<li>Offene-Posten-Verwaltung<\/li>\n<li>T\u00e4gliche Bereitstellung aller Buchungsinformationen durch elektronische \u00dcbertragung<\/li>\n<li>Online-Zugriff auf Zentralregulierungs-Konto<\/li>\n<li>Meldesystem f\u00fcr externe Delkredere-Geber<\/li>\n<li>Debitoren-Zahlungsverkehr<\/li>\n<li>Kreditoren-Zahlungsverkehr<\/li>\n<li>Ber\u00fccksichtigung von Fremdw\u00e4hrungen<\/li>\n<li>Auslandszahlungsverkehr (\u00dcberweisung, Lastschrift, Abbuchung)<\/li>\n<li>Erstellung von Statistiken, Auswertungen, Bonusabrechnungen<\/li>\n<li>Daten- und Datentr\u00e4geraustausch<\/li>\n<li>Komplette Stammdatenverwaltung<\/li>\n<li>Einrichtung und Pflege der n\u00f6tigen Hardware und Software bei allen Beteiligten<\/li>\n<li>Schulung der Mitarbeiter<\/li>\n<\/ul>\n<p>Wir \u00fcbernehmen Ihr Belegmanagement und beraten Sie auch dar\u00fcber hinaus ganzheitlich zum Thema Business Process Outsourcing.[\/vc_column_text][\/vc_column][\/vc_row][vc_row full_width=&#8221;stretch_row&#8221; add_extended=&#8221;&#8221; css=&#8221;.vc_custom_1618471677822{padding-top: 80px !important;padding-bottom: 30px !important;background-color: #f7f7f7 !important;}&#8221; el_id=&#8221;Regulierung&#8221;][vc_column][apress_heading sub_title=&#8221;Technische Abwicklung&#8221; content_alignment=&#8221;left&#8221; delimiter_line_height=&#8221;2&#8243; delimiter_line_width=&#8221;30&#8243; delimiter_margin=&#8221;margin-top:10|margin-bottom:15&#8243; color_scheme=&#8221;design_your_own&#8221; main_heading_color=&#8221;#ffffff&#8221; title_google_fonts=&#8221;yes&#8221; style=&#8221;heading_style13&#8243; delimiter_line_color=&#8221;#2cbe9a&#8221; title_font_options=&#8221;tag:h2|font_size:36|line_height:46|letter_spacing:2&#8243; subtitle_font_options=&#8221;tag:h2|font_size:20|color:%232cbe9a|line_height:30|letter_spacing:2|font_style_bold:1&#8243; heading_margin=&#8221;margin-top:20|margin-bottom:30&#8243; title_custom_fonts=&#8221;font_family:Open%20Sans%3A300%2C300italic%2Cregular%2Citalic%2C600%2C600italic%2C700%2C700italic%2C800%2C800italic|font_style:300%20light%20regular%3A300%3Anormal&#8221;][\/apress_heading]<div class=\"apress-spacer spacer-69e8eeca34e0f\" data-id=\"69e8eeca34e0f\" data-height=\"20\" data-height-mobile=\"20\" data-height-tab=\"20\" data-height-tab-portrait=\"\" data-height-mobile-landscape=\"\" style=\"clear:both;display:block;\"><\/div>[vc_column_text]<\/p>\n<h5><strong><span class=\"green-text\">Regulierung<\/span><\/strong><\/h5>\n<h6><em>Die Abwicklung der Zentralregulierung wird stets den individuellen Abl\u00e4ufen der Verbundgruppe angepasst. Rechnungsfluss, Zahlungstermine und Clearing legen wir gemeinsam mit Ihnen fest.<\/em><\/h6>\n<p>Neben der Abwicklung der traditionellen, papierbasierten Zentralregulierung ist SGH einer der Wegbereiter f\u00fcr eine vollst\u00e4ndig elektronische Abwicklung der Zentralregulierung zwischen (Vertrags-) Lieferanten, Zentralregulierer und Anschlusshaus. Wir unterst\u00fctzen Sie bei der Einf\u00fchrung elektronischer Prozesse in diesem Bereich.<\/p>\n<p>Wenn Sie anstatt der klassischen Zentralregulierung die Zentralfakturierung bevorzugen, bieten wir Ihnen die M\u00f6glichkeit der automatisierten, artikelgenauen Aufteilung und Umfakturierung der Lieferantenrechnungen auf die Mitgliedsunternehmen.[\/vc_column_text][apress_button button_text=&#8221;Unverbindliches Erstgespr\u00e4ch vereinbaren&#8221; color_scheme=&#8221;primary_color_scheme&#8221; button_shape=&#8221;square&#8221; button_link=&#8221;url:mailto%3Asales%40sgh-net.de|title:Unverbindliches%20Erstgespr%C3%A4ch|target:_blank&#8221;]<div class=\"apress-spacer spacer-69e8eeca34e32\" data-id=\"69e8eeca34e32\" data-height=\"50\" data-height-mobile=\"50\" data-height-tab=\"50\" data-height-tab-portrait=\"\" data-height-mobile-landscape=\"\" style=\"clear:both;display:block;\"><\/div>[\/vc_column][\/vc_row][vc_row gap=&#8221;35&#8243; equal_height=&#8221;yes&#8221; content_placement=&#8221;middle&#8221; css=&#8221;.vc_custom_1553410087914{padding-top: 30px !important;padding-bottom: 50px !important;}&#8221;][vc_column width=&#8221;1\/3&#8243; el_class=&#8221;Custom-sidebar&#8221;][apress_expanding_image image=&#8221;1767&#8243; img_size=&#8221;full&#8221; max_width=&#8221;100%&#8221; animation_type=&#8221;clipping&#8221; clipping_animation_type=&#8221;clipping_right_to_left&#8221; clipping_color=&#8221;#2cbe9a&#8221; data_delay=&#8221;500&#8243;][\/vc_column][vc_column width=&#8221;2\/3&#8243; el_class=&#8221;Custom_sidebar&#8221;][apress_heading sub_title=&#8221;Regulierung&#8221; delimiter_line_height=&#8221;2&#8243; delimiter_line_width=&#8221;30&#8243; color_scheme=&#8221;color_scheme1&#8243; style=&#8221;heading_style14&#8243; title_font_options=&#8221;tag:h2|font_size:36|line_height:50|letter_spacing:1&#8243; subtitle_font_options=&#8221;tag:div|font_size:20|color:%232cbe9a|line_height:30|letter_spacing:2|font_style_bold:1&#8243; delimiter_line_color=&#8221;#2cbe9a&#8221; heading_margin=&#8221;margin-top:10|margin-bottom:20&#8243; title_responsive=&#8221;font_size_mobile:32|line_height_mobile:45|letter_spacing_mobile:1&#8243;]<strong>Vorteile<\/strong>[\/apress_heading][vc_column_text]<\/p>\n<ul>\n<li>Online-Zugriff auf Zentralregulierungs-Konto<\/li>\n<li>Meldesystem f\u00fcr externe Delkredere-Geber<\/li>\n<li>Debitoren-Zahlungsverkehr<\/li>\n<li>Kreditoren-Zahlungsverkehr<\/li>\n<li>Ber\u00fccksichtigung von Fremdw\u00e4hrungen<\/li>\n<li>Archivierung aller Lieferantenrechnungen mit Online-Zugriff<\/li>\n<li>Steuerkonforme Verarbeitung elektronischer Belege<\/li>\n<li>Automatisierte Erfassung der papierbasierten Lieferantenrechnungen<\/li>\n<li>Empfang und Verarbeitung elektronischer Lieferantenrechnungen<\/li>\n<\/ul>\n<p>Wir \u00fcbernehmen Ihre Regulierung und beraten Sie auch dar\u00fcber hinaus ganzheitlich zum Thema Business Process Outsourcing.[\/vc_column_text][\/vc_column][\/vc_row][vc_row full_width=&#8221;stretch_row&#8221; add_extended=&#8221;&#8221; css=&#8221;.vc_custom_1585657435179{padding-top: 100px !important;padding-bottom: 50px !important;background-color: #3b3678 !important;}&#8221;][vc_column][apress_heading sub_title=&#8221;Zentralregulierung&#8221; content_alignment=&#8221;left&#8221; delimiter_line_height=&#8221;2&#8243; delimiter_line_width=&#8221;30&#8243; delimiter_margin=&#8221;margin-top:10|margin-bottom:15&#8243; color_scheme=&#8221;design_your_own&#8221; main_heading_color=&#8221;#ffffff&#8221; title_google_fonts=&#8221;yes&#8221; style=&#8221;heading_style13&#8243; delimiter_line_color=&#8221;#2cbe9a&#8221; title_font_options=&#8221;tag:h2|font_size:36|line_height:46|letter_spacing:2&#8243; subtitle_font_options=&#8221;tag:div|font_size:20|color:%23ffffff|line_height:30|letter_spacing:2|font_style_bold:1&#8243; heading_margin=&#8221;margin-top:20|margin-bottom:30&#8243; title_custom_fonts=&#8221;font_family:Open%20Sans%3A300%2C300italic%2Cregular%2Citalic%2C600%2C600italic%2C700%2C700italic%2C800%2C800italic|font_style:300%20light%20regular%3A300%3Anormal&#8221;][\/apress_heading][apress_heading sub_title=&#8221;&#8221; sub_title_bg_color=&#8221;&#8221; content_alignment=&#8221;left&#8221; color_scheme=&#8221;design_your_own&#8221; main_heading_color=&#8221;#ffffff&#8221; style=&#8221;heading_style12&#8243; title_font_options=&#8221;tag:h3|font_size:60|line_height:90|letter_spacing:4&#8243; subtitle_font_options=&#8221;tag:div|font_size:20|color:%23ffffff|line_height:30|letter_spacing:2|font_style_bold:1&#8243; heading_margin=&#8221;margin-top:20|margin-bottom:30&#8243; title_responsive=&#8221;font_size_mobile:24|line_height_mobile:60|letter_spacing_mobile:4&#8243; class=&#8221;sgh-zolo-title&#8221;]<span class=\"sgh-zolo-title\"><span class=\"green-text\">ZENTRALREGULIERUNG<\/span> DER ZUKUNFT<\/span>[\/apress_heading]<div class=\"apress-spacer spacer-69e8eeca34e54\" data-id=\"69e8eeca34e54\" data-height=\"50\" data-height-mobile=\"50\" data-height-tab=\"50\" data-height-tab-portrait=\"\" data-height-mobile-landscape=\"\" style=\"clear:both;display:block;\"><\/div>[\/vc_column][\/vc_row]<\/p>\n","protected":false},"excerpt":{"rendered":"<p>[vc_row gap=&#8221;35&#8243; equal_height=&#8221;yes&#8221; content_placement=&#8221;middle&#8221; css=&#8221;.vc_custom_1617792814226{padding-top: 30px !important;padding-bottom: 50px !important;}&#8221; el_id=&#8221;Delkredere-Uebernahme&#8221;][vc_column width=&#8221;1\/3&#8243; el_class=&#8221;Custom-sidebar&#8221;][apress_expanding_image image=&#8221;878&#8243; img_size=&#8221;full&#8221; max_width=&#8221;100%&#8221; animation_type=&#8221;clipping&#8221; clipping_animation_type=&#8221;clipping_right_to_left&#8221; clipping_color=&#8221;#2cbe9a&#8221; data_delay=&#8221;500&#8243;][\/vc_column][vc_column width=&#8221;2\/3&#8243; el_class=&#8221;Custom_sidebar&#8221;][apress_heading sub_title=&#8221;Zentralregulierung: Delkredere \u00dcbernahme &amp; Zahlungsverkehr&#8221; delimiter_line_height=&#8221;2&#8243; delimiter_line_width=&#8221;30&#8243; color_scheme=&#8221;color_scheme1&#8243; style=&#8221;heading_style14&#8243; title_font_options=&#8221;tag:h2|font_size:36|line_height:50|letter_spacing:1&#8243; subtitle_font_options=&#8221;tag:div|font_size:20|color:%232cbe9a|line_height:30|letter_spacing:2|font_style_bold:1&#8243; delimiter_line_color=&#8221;#2cbe9a&#8221; heading_margin=&#8221;margin-top:10|margin-bottom:20&#8243; title_responsive=&#8221;font_size_mobile:32|line_height_mobile:45|letter_spacing_mobile:1&#8243;]Mit \u00fcber 30 Jahren Erfahrung sichern<span class=\"read_more_area\"><a class=\"read-more\" href=\"https:\/\/sgh-service.com\/en\/zr-zentralregulierung\/\"> Continue Reading <\/a><\/span><\/p>\n","protected":false},"author":27,"featured_media":0,"parent":0,"menu_order":0,"comment_status":"closed","ping_status":"closed","template":"","meta":{"inline_featured_image":false,"footnotes":""},"class_list":["post-4421","page","type-page","status-publish","hentry"],"yoast_head":"<!-- This site is optimized with the Yoast SEO plugin v27.4 - https:\/\/yoast.com\/product\/yoast-seo-wordpress\/ -->\n<title>Zentralregulierung - SGH Service<\/title>\n<meta name=\"description\" content=\"Delkredere \u00dcbernahme &amp; Zahlungsverkehr f\u00fcr Verb\u00e4nde, Shared Service Center und Gro\u00dfhandelsunternehmen. Full-Service Zentralregulierung\" \/>\n<meta name=\"robots\" content=\"index, follow, max-snippet:-1, max-image-preview:large, max-video-preview:-1\" \/>\n<link rel=\"canonical\" href=\"https:\/\/sgh-service.com\/en\/zr-zentralregulierung\/\" \/>\n<meta property=\"og:locale\" content=\"en_US\" \/>\n<meta property=\"og:type\" content=\"article\" \/>\n<meta property=\"og:title\" content=\"Zentralregulierung - SGH Service\" \/>\n<meta property=\"og:description\" content=\"Delkredere \u00dcbernahme &amp; Zahlungsverkehr f\u00fcr Verb\u00e4nde, Shared Service Center und Gro\u00dfhandelsunternehmen. Full-Service Zentralregulierung\" \/>\n<meta property=\"og:url\" content=\"https:\/\/sgh-service.com\/en\/zr-zentralregulierung\/\" \/>\n<meta property=\"og:site_name\" content=\"SGH Service\" \/>\n<meta property=\"article:modified_time\" content=\"2024-08-14T10:25:25+00:00\" \/>\n<meta name=\"twitter:card\" content=\"summary_large_image\" \/>\n<meta name=\"twitter:label1\" content=\"Est. reading time\" \/>\n\t<meta name=\"twitter:data1\" content=\"4 minutes\" \/>\n<script type=\"application\/ld+json\" class=\"yoast-schema-graph\">{\"@context\":\"https:\\\/\\\/schema.org\",\"@graph\":[{\"@type\":\"WebPage\",\"@id\":\"https:\\\/\\\/sgh-service.com\\\/en\\\/zr-zentralregulierung\\\/\",\"url\":\"https:\\\/\\\/sgh-service.com\\\/en\\\/zr-zentralregulierung\\\/\",\"name\":\"Zentralregulierung - SGH Service\",\"isPartOf\":{\"@id\":\"https:\\\/\\\/sgh-service.com\\\/en\\\/#website\"},\"datePublished\":\"2024-08-05T08:09:34+00:00\",\"dateModified\":\"2024-08-14T10:25:25+00:00\",\"description\":\"Delkredere \u00dcbernahme & Zahlungsverkehr f\u00fcr Verb\u00e4nde, Shared Service Center und Gro\u00dfhandelsunternehmen. Full-Service Zentralregulierung\",\"breadcrumb\":{\"@id\":\"https:\\\/\\\/sgh-service.com\\\/en\\\/zr-zentralregulierung\\\/#breadcrumb\"},\"inLanguage\":\"en-US\",\"potentialAction\":[{\"@type\":\"ReadAction\",\"target\":[\"https:\\\/\\\/sgh-service.com\\\/en\\\/zr-zentralregulierung\\\/\"]}]},{\"@type\":\"BreadcrumbList\",\"@id\":\"https:\\\/\\\/sgh-service.com\\\/en\\\/zr-zentralregulierung\\\/#breadcrumb\",\"itemListElement\":[{\"@type\":\"ListItem\",\"position\":1,\"name\":\"Home\",\"item\":\"https:\\\/\\\/sgh-service.com\\\/en\\\/home\\\/\"},{\"@type\":\"ListItem\",\"position\":2,\"name\":\"Zentralregulierung\"}]},{\"@type\":\"WebSite\",\"@id\":\"https:\\\/\\\/sgh-service.com\\\/en\\\/#website\",\"url\":\"https:\\\/\\\/sgh-service.com\\\/en\\\/\",\"name\":\"SGH Service\",\"description\":\"Financial Supply Chain L\u00f6sungen und Zentralregulierung\",\"potentialAction\":[{\"@type\":\"SearchAction\",\"target\":{\"@type\":\"EntryPoint\",\"urlTemplate\":\"https:\\\/\\\/sgh-service.com\\\/en\\\/?s={search_term_string}\"},\"query-input\":{\"@type\":\"PropertyValueSpecification\",\"valueRequired\":true,\"valueName\":\"search_term_string\"}}],\"inLanguage\":\"en-US\"}]}<\/script>\n<!-- \/ Yoast SEO plugin. -->","yoast_head_json":{"title":"Zentralregulierung - SGH Service","description":"Delkredere \u00dcbernahme & Zahlungsverkehr f\u00fcr Verb\u00e4nde, Shared Service Center und Gro\u00dfhandelsunternehmen. Full-Service Zentralregulierung","robots":{"index":"index","follow":"follow","max-snippet":"max-snippet:-1","max-image-preview":"max-image-preview:large","max-video-preview":"max-video-preview:-1"},"canonical":"https:\/\/sgh-service.com\/en\/zr-zentralregulierung\/","og_locale":"en_US","og_type":"article","og_title":"Zentralregulierung - SGH Service","og_description":"Delkredere \u00dcbernahme & Zahlungsverkehr f\u00fcr Verb\u00e4nde, Shared Service Center und Gro\u00dfhandelsunternehmen. Full-Service Zentralregulierung","og_url":"https:\/\/sgh-service.com\/en\/zr-zentralregulierung\/","og_site_name":"SGH Service","article_modified_time":"2024-08-14T10:25:25+00:00","twitter_card":"summary_large_image","twitter_misc":{"Est. reading time":"4 minutes"},"schema":{"@context":"https:\/\/schema.org","@graph":[{"@type":"WebPage","@id":"https:\/\/sgh-service.com\/en\/zr-zentralregulierung\/","url":"https:\/\/sgh-service.com\/en\/zr-zentralregulierung\/","name":"Zentralregulierung - SGH Service","isPartOf":{"@id":"https:\/\/sgh-service.com\/en\/#website"},"datePublished":"2024-08-05T08:09:34+00:00","dateModified":"2024-08-14T10:25:25+00:00","description":"Delkredere \u00dcbernahme & Zahlungsverkehr f\u00fcr Verb\u00e4nde, Shared Service Center und Gro\u00dfhandelsunternehmen. Full-Service Zentralregulierung","breadcrumb":{"@id":"https:\/\/sgh-service.com\/en\/zr-zentralregulierung\/#breadcrumb"},"inLanguage":"en-US","potentialAction":[{"@type":"ReadAction","target":["https:\/\/sgh-service.com\/en\/zr-zentralregulierung\/"]}]},{"@type":"BreadcrumbList","@id":"https:\/\/sgh-service.com\/en\/zr-zentralregulierung\/#breadcrumb","itemListElement":[{"@type":"ListItem","position":1,"name":"Home","item":"https:\/\/sgh-service.com\/en\/home\/"},{"@type":"ListItem","position":2,"name":"Zentralregulierung"}]},{"@type":"WebSite","@id":"https:\/\/sgh-service.com\/en\/#website","url":"https:\/\/sgh-service.com\/en\/","name":"SGH Service","description":"Financial Supply Chain L\u00f6sungen und Zentralregulierung","potentialAction":[{"@type":"SearchAction","target":{"@type":"EntryPoint","urlTemplate":"https:\/\/sgh-service.com\/en\/?s={search_term_string}"},"query-input":{"@type":"PropertyValueSpecification","valueRequired":true,"valueName":"search_term_string"}}],"inLanguage":"en-US"}]}},"_links":{"self":[{"href":"https:\/\/sgh-service.com\/en\/wp-json\/wp\/v2\/pages\/4421","targetHints":{"allow":["GET"]}}],"collection":[{"href":"https:\/\/sgh-service.com\/en\/wp-json\/wp\/v2\/pages"}],"about":[{"href":"https:\/\/sgh-service.com\/en\/wp-json\/wp\/v2\/types\/page"}],"author":[{"embeddable":true,"href":"https:\/\/sgh-service.com\/en\/wp-json\/wp\/v2\/users\/27"}],"replies":[{"embeddable":true,"href":"https:\/\/sgh-service.com\/en\/wp-json\/wp\/v2\/comments?post=4421"}],"version-history":[{"count":5,"href":"https:\/\/sgh-service.com\/en\/wp-json\/wp\/v2\/pages\/4421\/revisions"}],"predecessor-version":[{"id":4473,"href":"https:\/\/sgh-service.com\/en\/wp-json\/wp\/v2\/pages\/4421\/revisions\/4473"}],"wp:attachment":[{"href":"https:\/\/sgh-service.com\/en\/wp-json\/wp\/v2\/media?parent=4421"}],"curies":[{"name":"wp","href":"https:\/\/api.w.org\/{rel}","templated":true}]}}