{"id":5026,"date":"2025-02-24T15:07:21","date_gmt":"2025-02-24T15:07:21","guid":{"rendered":"https:\/\/sgh-service.com\/?page_id=5026"},"modified":"2025-02-24T15:07:21","modified_gmt":"2025-02-24T15:07:21","slug":"cookie-policy","status":"publish","type":"page","link":"https:\/\/sgh-service.com\/en\/cookie-policy\/","title":{"rendered":"Cookie Policy"},"content":{"rendered":"<p>[vc_row gap=&#8221;35&#8243; equal_height=&#8221;yes&#8221; content_placement=&#8221;middle&#8221; css=&#8221;.vc_custom_1553410087914{padding-top: 30px !important;padding-bottom: 50px !important;}&#8221;][vc_column el_class=&#8221;Custom_sidebar&#8221;][apress_heading sub_title=&#8221;&#8221; content_alignment=&#8221;left&#8221; delimiter_line_height=&#8221;3&#8243; delimiter_line_width=&#8221;80&#8243; style=&#8221;heading_style1&#8243; title_font_options=&#8221;tag:h1&#8243; subtitle_font_options=&#8221;tag:div&#8221;]<\/p>\n<h1>Cookie Policy<\/h1>\n<p>[\/apress_heading]<div class=\"apress-spacer spacer-69e1538b4d8ee\" data-id=\"69e1538b4d8ee\" data-height=\"30\" data-height-mobile=\"30\" data-height-tab=\"30\" data-height-tab-portrait=\"\" data-height-mobile-landscape=\"\" style=\"clear:both;display:block;\"><\/div>[vc_column_text]<script id=\"CookieDeclaration\" src=\"https:\/\/consent.cookiebot.com\/efe9310b-50de-46ac-a9e2-54df8bcc8829\/cd.js\" type=\"text\/javascript\" async><\/script>[\/vc_column_text][\/vc_column][\/vc_row]<\/p>\n","protected":false},"excerpt":{"rendered":"<p>[vc_row gap=&#8221;35&#8243; equal_height=&#8221;yes&#8221; content_placement=&#8221;middle&#8221; css=&#8221;.vc_custom_1553410087914{padding-top: 30px !important;padding-bottom: 50px !important;}&#8221;][vc_column el_class=&#8221;Custom_sidebar&#8221;][apress_heading sub_title=&#8221;&#8221; content_alignment=&#8221;left&#8221; delimiter_line_height=&#8221;3&#8243; delimiter_line_width=&#8221;80&#8243; style=&#8221;heading_style1&#8243; title_font_options=&#8221;tag:h1&#8243; subtitle_font_options=&#8221;tag:div&#8221;] Cookie Policy [\/apress_heading][vc_column_text][\/vc_column_text][\/vc_column][\/vc_row]<\/p>\n","protected":false},"author":27,"featured_media":0,"parent":0,"menu_order":0,"comment_status":"closed","ping_status":"closed","template":"","meta":{"inline_featured_image":false,"footnotes":""},"class_list":["post-5026","page","type-page","status-publish","hentry"],"yoast_head":"<!-- This site is optimized with the Yoast SEO plugin v27.4 - https:\/\/yoast.com\/product\/yoast-seo-wordpress\/ -->\n<title>Cookie Policy - SGH Service<\/title>\n<meta name=\"description\" content=\"Datenschutz - Informationen \u00fcber die Verarbeitung Ihrer personenbezogenen Daten, sowie \u00fcber die daraus resultierenden Rechte uns gegen\u00fcber.\" \/>\n<meta name=\"robots\" content=\"index, follow, max-snippet:-1, max-image-preview:large, max-video-preview:-1\" \/>\n<link rel=\"canonical\" href=\"https:\/\/sgh-service.com\/en\/cookie-policy\/\" \/>\n<meta property=\"og:locale\" content=\"en_US\" \/>\n<meta property=\"og:type\" content=\"article\" \/>\n<meta property=\"og:title\" content=\"Cookie Policy - SGH Service\" \/>\n<meta property=\"og:description\" content=\"Datenschutz - Informationen \u00fcber die Verarbeitung Ihrer personenbezogenen Daten, sowie \u00fcber die daraus resultierenden Rechte uns gegen\u00fcber.\" \/>\n<meta property=\"og:url\" content=\"https:\/\/sgh-service.com\/en\/cookie-policy\/\" \/>\n<meta property=\"og:site_name\" content=\"SGH Service\" \/>\n<meta name=\"twitter:card\" content=\"summary_large_image\" \/>\n<meta name=\"twitter:label1\" content=\"Est. reading time\" \/>\n\t<meta name=\"twitter:data1\" content=\"1 minute\" \/>\n<script type=\"application\/ld+json\" class=\"yoast-schema-graph\">{\"@context\":\"https:\\\/\\\/schema.org\",\"@graph\":[{\"@type\":\"WebPage\",\"@id\":\"https:\\\/\\\/sgh-service.com\\\/en\\\/cookie-policy\\\/\",\"url\":\"https:\\\/\\\/sgh-service.com\\\/en\\\/cookie-policy\\\/\",\"name\":\"Cookie Policy - SGH Service\",\"isPartOf\":{\"@id\":\"https:\\\/\\\/sgh-service.com\\\/en\\\/#website\"},\"datePublished\":\"2025-02-24T15:07:21+00:00\",\"description\":\"Datenschutz - Informationen \u00fcber die Verarbeitung Ihrer personenbezogenen Daten, sowie \u00fcber die daraus resultierenden Rechte uns gegen\u00fcber.\",\"breadcrumb\":{\"@id\":\"https:\\\/\\\/sgh-service.com\\\/en\\\/cookie-policy\\\/#breadcrumb\"},\"inLanguage\":\"en-US\",\"potentialAction\":[{\"@type\":\"ReadAction\",\"target\":[\"https:\\\/\\\/sgh-service.com\\\/en\\\/cookie-policy\\\/\"]}]},{\"@type\":\"BreadcrumbList\",\"@id\":\"https:\\\/\\\/sgh-service.com\\\/en\\\/cookie-policy\\\/#breadcrumb\",\"itemListElement\":[{\"@type\":\"ListItem\",\"position\":1,\"name\":\"Home\",\"item\":\"https:\\\/\\\/sgh-service.com\\\/en\\\/home\\\/\"},{\"@type\":\"ListItem\",\"position\":2,\"name\":\"Cookie Policy\"}]},{\"@type\":\"WebSite\",\"@id\":\"https:\\\/\\\/sgh-service.com\\\/en\\\/#website\",\"url\":\"https:\\\/\\\/sgh-service.com\\\/en\\\/\",\"name\":\"SGH Service\",\"description\":\"Financial Supply Chain L\u00f6sungen und Zentralregulierung\",\"potentialAction\":[{\"@type\":\"SearchAction\",\"target\":{\"@type\":\"EntryPoint\",\"urlTemplate\":\"https:\\\/\\\/sgh-service.com\\\/en\\\/?s={search_term_string}\"},\"query-input\":{\"@type\":\"PropertyValueSpecification\",\"valueRequired\":true,\"valueName\":\"search_term_string\"}}],\"inLanguage\":\"en-US\"}]}<\/script>\n<!-- \/ Yoast SEO plugin. -->","yoast_head_json":{"title":"Cookie Policy - SGH Service","description":"Datenschutz - Informationen \u00fcber die Verarbeitung Ihrer personenbezogenen Daten, sowie \u00fcber die daraus resultierenden Rechte uns gegen\u00fcber.","robots":{"index":"index","follow":"follow","max-snippet":"max-snippet:-1","max-image-preview":"max-image-preview:large","max-video-preview":"max-video-preview:-1"},"canonical":"https:\/\/sgh-service.com\/en\/cookie-policy\/","og_locale":"en_US","og_type":"article","og_title":"Cookie Policy - SGH Service","og_description":"Datenschutz - Informationen \u00fcber die Verarbeitung Ihrer personenbezogenen Daten, sowie \u00fcber die daraus resultierenden Rechte uns gegen\u00fcber.","og_url":"https:\/\/sgh-service.com\/en\/cookie-policy\/","og_site_name":"SGH Service","twitter_card":"summary_large_image","twitter_misc":{"Est. reading time":"1 minute"},"schema":{"@context":"https:\/\/schema.org","@graph":[{"@type":"WebPage","@id":"https:\/\/sgh-service.com\/en\/cookie-policy\/","url":"https:\/\/sgh-service.com\/en\/cookie-policy\/","name":"Cookie Policy - SGH Service","isPartOf":{"@id":"https:\/\/sgh-service.com\/en\/#website"},"datePublished":"2025-02-24T15:07:21+00:00","description":"Datenschutz - Informationen \u00fcber die Verarbeitung Ihrer personenbezogenen Daten, sowie \u00fcber die daraus resultierenden Rechte uns gegen\u00fcber.","breadcrumb":{"@id":"https:\/\/sgh-service.com\/en\/cookie-policy\/#breadcrumb"},"inLanguage":"en-US","potentialAction":[{"@type":"ReadAction","target":["https:\/\/sgh-service.com\/en\/cookie-policy\/"]}]},{"@type":"BreadcrumbList","@id":"https:\/\/sgh-service.com\/en\/cookie-policy\/#breadcrumb","itemListElement":[{"@type":"ListItem","position":1,"name":"Home","item":"https:\/\/sgh-service.com\/en\/home\/"},{"@type":"ListItem","position":2,"name":"Cookie Policy"}]},{"@type":"WebSite","@id":"https:\/\/sgh-service.com\/en\/#website","url":"https:\/\/sgh-service.com\/en\/","name":"SGH Service","description":"Financial Supply Chain L\u00f6sungen und Zentralregulierung","potentialAction":[{"@type":"SearchAction","target":{"@type":"EntryPoint","urlTemplate":"https:\/\/sgh-service.com\/en\/?s={search_term_string}"},"query-input":{"@type":"PropertyValueSpecification","valueRequired":true,"valueName":"search_term_string"}}],"inLanguage":"en-US"}]}},"_links":{"self":[{"href":"https:\/\/sgh-service.com\/en\/wp-json\/wp\/v2\/pages\/5026","targetHints":{"allow":["GET"]}}],"collection":[{"href":"https:\/\/sgh-service.com\/en\/wp-json\/wp\/v2\/pages"}],"about":[{"href":"https:\/\/sgh-service.com\/en\/wp-json\/wp\/v2\/types\/page"}],"author":[{"embeddable":true,"href":"https:\/\/sgh-service.com\/en\/wp-json\/wp\/v2\/users\/27"}],"replies":[{"embeddable":true,"href":"https:\/\/sgh-service.com\/en\/wp-json\/wp\/v2\/comments?post=5026"}],"version-history":[{"count":1,"href":"https:\/\/sgh-service.com\/en\/wp-json\/wp\/v2\/pages\/5026\/revisions"}],"predecessor-version":[{"id":5027,"href":"https:\/\/sgh-service.com\/en\/wp-json\/wp\/v2\/pages\/5026\/revisions\/5027"}],"wp:attachment":[{"href":"https:\/\/sgh-service.com\/en\/wp-json\/wp\/v2\/media?parent=5026"}],"curies":[{"name":"wp","href":"https:\/\/api.w.org\/{rel}","templated":true}]}}